{"id":955,"date":"2023-12-07T02:10:24","date_gmt":"2023-12-07T02:10:24","guid":{"rendered":"https:\/\/politika24.de\/?page_id=955"},"modified":"2023-12-07T02:33:38","modified_gmt":"2023-12-07T02:33:38","slug":"waehlen-gehen","status":"publish","type":"page","link":"https:\/\/politika24.de\/index.php\/waehlen-gehen\/","title":{"rendered":"W\u00e4hlen gehen"},"content":{"rendered":"\n<p>Damit sich die Politik neu aufstellen kann, ben\u00f6tigt es einen Wechsel der jetzigen Parteispitzen. Zudem muss Arbeiten und Kooperationen mit den verschiedenen Lobbys transparenter und \u00f6ffentlich ausgeschrieben werden.<\/p>\n\n\n\n<p>Wenn bei Ihnen Wahlen abgehalten werden, k\u00f6nnen Sie zu jedem Zeitpunkt eine zukunftsf\u00e4hige Entscheidung treffen und ihrer Stimme Raum geben.<\/p>\n\n\n\n<p>Wie k\u00f6nnen sie das machen? Indem sie ein gro\u00dfes Kreuz auf den Wahlzettel machen oder mehr als die geforderte Anzahl an m\u00f6glichen Stimmen abgeben.<\/p>\n\n\n\n<p>Damit machen Sie selbst, den Stimmzettel unwirksam. Dieses Vorgehen zeigt den \u00c4mtern, dass Sie bereit sind W\u00e4hlen zu gehen um ihre Stimme abzugeben. Das sie aber ganz und gar nicht einverstanden sind, mit den M\u00f6glichkeiten die vorhandenen Parteien oder Positionen anzuerkennen.<\/p>\n\n\n\n<p><\/p>\n\n\n\n<p>Somit zeigen sie ihr 100% Interesse an der Wahl und Ihre Stimme wird gez\u00e4hlt. Da ihre Teilnahme an der Wahl schriftlich protokolliert worden ist.<\/p>\n\n\n\n<p>Ihre Wahlm\u00f6glichkeit wird nicht mitgez\u00e4hlt bzw. wird diese als indirekte Zustimmung der Situation bei der kompletten Wahl gewertet, wenn Sie an der Wahl nicht teilnehmen. Somit w\u00e4hlen Sie die allgemeine Situation, auch wenn Sie sich eigentlich durch nicht Anteilnahme an der Politik enthalten m\u00f6chten.<\/p>\n\n\n\n<p>Fazit: Gehen Sie auf jeden Falls mit ihrer Wahlberechtigung w\u00e4hlen. Bleiben Sie nicht Zuhause, sondern geben Sie ihre Stimme ab. F\u00fcr eine bessere Politik in der Gegenwart und f\u00fcr die Zukunft.<\/p>\n\n\n\n<p>Politika24<\/p>\n","protected":false},"excerpt":{"rendered":"<p>Damit sich die Politik neu aufstellen kann, ben\u00f6tigt es einen Wechsel der jetzigen Parteispitzen. Zudem muss Arbeiten und Kooperationen mit den verschiedenen Lobbys transparenter und \u00f6ffentlich ausgeschrieben werden. Wenn bei Ihnen Wahlen abgehalten werden, k\u00f6nnen Sie zu jedem Zeitpunkt eine zukunftsf\u00e4hige Entscheidung treffen und ihrer Stimme Raum geben. Wie k\u00f6nnen sie das machen? Indem sie &hellip; <a href=\"https:\/\/politika24.de\/index.php\/waehlen-gehen\/\" class=\"more-link\"><span class=\"screen-reader-text\">\u201eW\u00e4hlen gehen\u201c <\/span>weiterlesen<\/a><\/p>\n","protected":false},"author":4,"featured_media":0,"parent":0,"menu_order":0,"comment_status":"closed","ping_status":"closed","template":"","meta":{"footnotes":""},"class_list":["post-955","page","type-page","status-publish","hentry"],"jetpack_sharing_enabled":true,"_links":{"self":[{"href":"https:\/\/politika24.de\/index.php\/wp-json\/wp\/v2\/pages\/955","targetHints":{"allow":["GET"]}}],"collection":[{"href":"https:\/\/politika24.de\/index.php\/wp-json\/wp\/v2\/pages"}],"about":[{"href":"https:\/\/politika24.de\/index.php\/wp-json\/wp\/v2\/types\/page"}],"author":[{"embeddable":true,"href":"https:\/\/politika24.de\/index.php\/wp-json\/wp\/v2\/users\/4"}],"replies":[{"embeddable":true,"href":"https:\/\/politika24.de\/index.php\/wp-json\/wp\/v2\/comments?post=955"}],"version-history":[{"count":3,"href":"https:\/\/politika24.de\/index.php\/wp-json\/wp\/v2\/pages\/955\/revisions"}],"predecessor-version":[{"id":962,"href":"https:\/\/politika24.de\/index.php\/wp-json\/wp\/v2\/pages\/955\/revisions\/962"}],"wp:attachment":[{"href":"https:\/\/politika24.de\/index.php\/wp-json\/wp\/v2\/media?parent=955"}],"curies":[{"name":"wp","href":"https:\/\/api.w.org\/{rel}","templated":true}]}}